{"id":32401,"date":"2021-03-26T15:45:43","date_gmt":"2021-03-26T14:45:43","guid":{"rendered":"https:\/\/thinkgo.ch\/kommerzielle-entwicklung\/"},"modified":"2026-03-10T12:12:49","modified_gmt":"2026-03-10T11:12:49","slug":"unternehmensentwicklung","status":"publish","type":"page","link":"https:\/\/thinkgo.ch\/de\/unternehmensentwicklung\/","title":{"rendered":"Wachstumsstrategie &amp; Gesch\u00e4ftsentwicklung M&amp;A in der Schweiz"},"content":{"rendered":"<p>[et_pb_section fb_built=&#8220;1&#8243; _builder_version=&#8220;4.25.2&#8243; _module_preset=&#8220;default&#8220; background_image=&#8220;https:\/\/thinkgo.ch\/wp-content\/uploads\/2024\/06\/Vue-generale-Cathe.jpg&#8220; background_enable_video_mp4=&#8220;off&#8220; transform_translate_linked=&#8220;off&#8220; module_alignment=&#8220;center&#8220; height=&#8220;498px&#8220; height_tablet=&#8220;315px&#8220; height_phone=&#8220;278px&#8220; height_last_edited=&#8220;on|phone&#8220; filter_saturate=&#8220;67%&#8220; filter_contrast=&#8220;104%&#8220; background_last_edited=&#8220;on|tablet&#8220; background_image_phone=&#8220;https:\/\/thinkgo.ch\/wp-content\/uploads\/2024\/06\/28415_32001800-scaled.webp&#8220; background_enable_image_phone=&#8220;on&#8220; parallax_phone=&#8220;on&#8220; global_colors_info=&#8220;{}&#8220;][et_pb_row _builder_version=&#8220;4.25.2&#8243; _module_preset=&#8220;4be6463d-fb67-4c14-89ce-1c8349b42ae0&#8243; max_width=&#8220;1400px&#8220; global_colors_info=&#8220;{}&#8220;][et_pb_column type=&#8220;4_4&#8243; module_class=&#8220;vertical-align&#8220; _builder_version=&#8220;4.16&#8243; _module_preset=&#8220;default&#8220; global_colors_info=&#8220;{}&#8220;][et_pb_text module_class=&#8220;custom-bg&#8220; _builder_version=&#8220;4.27.4&#8243; _module_preset=&#8220;default&#8220; background_color=&#8220;RGBA(0,0,0,0)&#8220; width=&#8220;80%&#8220; custom_margin=&#8220;||||false|false&#8220; custom_padding=&#8220;30px|30px|30px|30px|false|false&#8220; custom_padding_tablet=&#8220;&#8220; custom_padding_phone=&#8220;25px|15px|25px|15px|false|false&#8220; custom_padding_last_edited=&#8220;on|phone&#8220; hover_enabled=&#8220;0&#8243; global_colors_info=&#8220;{}&#8220; sticky_enabled=&#8220;0&#8243;]<\/p>\n<h1 style=\"text-align: center;\"><span style=\"color: #000000;\">GESCH\u00c4FTSENTWICKLUNG &amp; WACHSTUMSSTRATEGIE IN DER SCHWEIZ <\/span><span style=\"color: #000000;\">&#8211; M&amp;A-BERATUNG UND STRATEGISCHE BEGLEITUNG<\/span><\/h1>\n<p>[\/et_pb_text][\/et_pb_column][\/et_pb_row][\/et_pb_section][et_pb_section fb_built=&#8220;1&#8243; module_id=&#8220;Gesch\u00e4ftsstrategie&#8220; _builder_version=&#8220;4.16&#8243; _module_preset=&#8220;_initial&#8220; min_height=&#8220;777px&#8220; custom_padding=&#8220;3px||6px|||&#8220; global_colors_info=&#8220;{}&#8220;][et_pb_row _builder_version=&#8220;4.25.2&#8243; _module_preset=&#8220;4be6463d-fb67-4c14-89ce-1c8349b42ae0&#8243; width=&#8220;90%&#8220; max_width=&#8220;1400px&#8220; global_colors_info=&#8220;{}&#8220;][et_pb_column type=&#8220;4_4&#8243; _builder_version=&#8220;4.16&#8243; _module_preset=&#8220;default&#8220; global_colors_info=&#8220;{}&#8220;][et_pb_text _builder_version=&#8220;4.27.4&#8243; _module_preset=&#8220;6c155df8-84a0-4239-8cb3-54cabefbc849&#8243; width=&#8220;100%&#8220; global_colors_info=&#8220;{}&#8220;]<\/p>\n<p class=\"p1\"><span class=\"s1\"><\/span><\/p>\n<p><b><\/b><\/p>\n<h3 style=\"text-align: left;\"><b>Strategie, Leistung, Wachstum<\/b><\/h3>\n<div>\n<div class=\"standard-markdown grid-cols-1 grid [&amp;_&gt;_*]:min-w-0 gap-3\">\n<p class=\"font-claude-response-body break-words whitespace-normal leading-[1.7]\">\n<p class=\"font-claude-response-body break-words whitespace-normal leading-[1.7]\">Nicht alle Unternehmen m\u00fcssen \u00fcbernehmen oder ver\u00e4u\u00dfern. Einige m\u00fcssen wachsen &#8211; schneller, weiter, st\u00e4rker. <\/p>\n<p class=\"font-claude-response-body break-words whitespace-normal leading-[1.7]\">\n<\/div>\n<\/div>\n<div>\n<div class=\"standard-markdown grid-cols-1 grid [&amp;_&gt;_*]:min-w-0 gap-3\">\n<p class=\"font-claude-response-body break-words whitespace-normal leading-[1.7]\">Eroberung eines neuen Marktes. Strukturierung einer internationalen Expansion. Neupositionierung eines nachlassenden Angebots. Identifizieren Sie Wachstumspfade, bevor die Ergebnisse erodieren.   <\/p>\n<p class=\"font-claude-response-body break-words whitespace-normal leading-[1.7]\">\n<\/div>\n<\/div>\n<div>\n<div class=\"standard-markdown grid-cols-1 grid [&amp;_&gt;_*]:min-w-0 gap-3\">\n<p class=\"font-claude-response-body break-words whitespace-normal leading-[1.7]\">Dies sind die Herausforderungen, die thinkGo begleitet &#8211; mit der gleichen Strenge und dem gleichen Engagement wie bei seinen M&amp;A-Mandaten.<\/p>\n<p class=\"font-claude-response-body break-words whitespace-normal leading-[1.7]\">\n<\/div>\n<\/div>\n<div><\/div>\n<p class=\"p1\"><span class=\"s1\"><\/span><\/p>\n<h3 style=\"text-align: left;\"><b>Unsere Mission: Ihr Unternehmen mit Konsequenz und Wirkung wachsen lassen<\/b><br \/><b><\/b><\/h3>\n<p class=\"p3\" style=\"text-align: left;\">\n<p class=\"font-claude-response-body break-words whitespace-normal leading-[1.7]\">Wachstum kann nicht improvisiert werden. Eine schlecht vorbereitete gute Gelegenheit kann teurer sein als eine verpasste Gelegenheit. Unsere Aufgabe ist es, Ihnen dabei zu helfen, einen ehrgeizigen und realistischen Entwicklungspfad aufzubauen, der auf Ihren Ressourcen, Ihrer Kultur und Ihren Zielen beruht.  <\/p>\n<p class=\"font-claude-response-body break-words whitespace-normal leading-[1.7]\">Wir sind im gesamten Entwicklungszyklus t\u00e4tig: Kl\u00e4rung der Wachstumsstrategie und der Positionierung, Identifizierung neuer Marktchancen, Strukturierung konkreter und messbarer Aktionspl\u00e4ne, Optimierung der internen Ressourcen und finanziellen Hebel, Einf\u00fchrung relevanter Leistungsindikatoren und Ausrichtung der Teams auf gemeinsame Ziele.<\/p>\n<p>[\/et_pb_text][\/et_pb_column][\/et_pb_row][\/et_pb_section][et_pb_section fb_built=&#8220;1&#8243; module_id=&#8220;Gesch\u00e4ftsstrategie&#8220; _builder_version=&#8220;4.27.4&#8243; _module_preset=&#8220;_initial&#8220; background_color=&#8220;#f2f2f2&#8243; min_height=&#8220;558px&#8220; custom_margin=&#8220;||54px|||&#8220; custom_padding=&#8220;3px||6px|||&#8220; global_colors_info=&#8220;{}&#8220;][et_pb_row _builder_version=&#8220;4.25.2&#8243; _module_preset=&#8220;4be6463d-fb67-4c14-89ce-1c8349b42ae0&#8243; width=&#8220;90%&#8220; max_width=&#8220;1400px&#8220; global_colors_info=&#8220;{}&#8220;][et_pb_column type=&#8220;4_4&#8243; _builder_version=&#8220;4.16&#8243; _module_preset=&#8220;default&#8220; global_colors_info=&#8220;{}&#8220;][et_pb_text _builder_version=&#8220;4.27.4&#8243; _module_preset=&#8220;6c155df8-84a0-4239-8cb3-54cabefbc849&#8243; background_color=&#8220;#e8632a&#8220; width=&#8220;100%&#8220; custom_padding=&#8220;0px|15px|25px|15px|false|false&#8220; global_colors_info=&#8220;{}&#8220;]<\/p>\n<p class=\"p1\"><span class=\"s1\"><\/span><\/p>\n<p><span style=\"color: #ffffff;\"><b><\/b><\/span><\/p>\n<h3 style=\"text-align: left;\"><span style=\"color: #ffffff;\"><b>F\u00fcr wen?<\/b><\/span><\/h3>\n<div>\n<div class=\"standard-markdown grid-cols-1 grid [&amp;_&gt;_*]:min-w-0 gap-3\">\n<p class=\"font-claude-response-body break-words whitespace-normal leading-[1.7]\"><span style=\"color: #ffffff;\">Dieser Service richtet sich an F\u00fchrungskr\u00e4fte und Unternehmer, die sich an einem Wendepunkt ihrer Entwicklung befinden, ohne notwendigerweise eine Kapitaltransaktion in Betracht zu ziehen:<\/span><\/p>\n<p class=\"font-claude-response-body break-words whitespace-normal leading-[1.7]\"><span style=\"color: #ffffff;\"><strong>Das KMU, das einen Schritt weiter gehen will.<\/strong>  Sie hat bislang gut funktioniert, sp\u00fcrt aber, dass das organische Wachstum an seine Grenzen st\u00f6\u00dft. Sie m\u00fcssen strukturieren, Priorit\u00e4ten setzen und die richtigen Hebel finden, um den n\u00e4chsten Schritt zu machen. <\/span><\/p>\n<p class=\"font-claude-response-body break-words whitespace-normal leading-[1.7]\"><span style=\"color: #ffffff;\"><strong>Das Unternehmen, das international t\u00e4tig werden will.<\/strong>  Der Eintritt in Frankreich, Deutschland, Italien oder einen anderen europ\u00e4ischen Markt erfordert eine gr\u00fcndliche Vorbereitung &#8211; Untersuchung der M\u00f6glichkeiten, Anpassung des Angebots, Aufbau zuverl\u00e4ssiger lokaler Verbindungsstellen.<\/span><\/p>\n<p class=\"font-claude-response-body break-words whitespace-normal leading-[1.7]\"><span style=\"color: #ffffff;\"><strong>Der Manager, der sein Gesch\u00e4ft neu positionieren m\u00f6chte.<\/strong>  Der Markt hat sich ver\u00e4ndert, der Wettbewerb auch. Es ist notwendig, die Positionierung zu \u00fcberdenken, die Ressourcen neu auszurichten und eine neue Gesch\u00e4ftsdynamik aufzubauen. <\/span><\/p>\n<\/div>\n<\/div>\n<div><\/div>\n<p class=\"p1\"><span class=\"s1\"><\/span><\/p>\n<p>[\/et_pb_text][\/et_pb_column][\/et_pb_row][\/et_pb_section][et_pb_section fb_built=&#8220;1&#8243; _builder_version=&#8220;4.27.4&#8243; _module_preset=&#8220;_initial&#8220; background_color=&#8220;#FFFFFF&#8220; min_height=&#8220;431px&#8220; custom_padding=&#8220;1px|||||&#8220; global_colors_info=&#8220;{}&#8220;][et_pb_row _builder_version=&#8220;4.25.2&#8243; _module_preset=&#8220;default&#8220; width=&#8220;90%&#8220; width_tablet=&#8220;90%&#8220; width_phone=&#8220;85%&#8220; width_last_edited=&#8220;on|tablet&#8220; max_width=&#8220;1400px&#8220; module_alignment=&#8220;center&#8220; min_height=&#8220;357px&#8220; custom_padding=&#8220;|||0px||&#8220; global_colors_info=&#8220;{}&#8220;][et_pb_column type=&#8220;4_4&#8243; _builder_version=&#8220;4.16&#8243; _module_preset=&#8220;default&#8220; global_colors_info=&#8220;{}&#8220;][et_pb_text _builder_version=&#8220;4.27.4&#8243; _module_preset=&#8220;default&#8220; width=&#8220;100%&#8220; max_width_tablet=&#8220;&#8220; max_width_phone=&#8220;&#8220; max_width_last_edited=&#8220;on|phone&#8220; custom_padding=&#8220;||0px|||&#8220; global_colors_info=&#8220;{}&#8220;]<\/p>\n<h3 style=\"text-align: left;\"><b>Was thinkGo konkret leistet<\/b><br \/><b><\/b><\/h3>\n<p class=\"p3\" style=\"text-align: left;\">\n<p class=\"font-claude-response-body break-words whitespace-normal leading-[1.7]\">Wir erstellen keine Berichte, die in der Schublade bleiben. Wir bauen mit Ihnen Strategien auf, die Sie umsetzen k\u00f6nnen &#8211; und wir bleiben w\u00e4hrend der Umsetzung an Ihrer Seite. <\/p>\n<p class=\"font-claude-response-body break-words whitespace-normal leading-[1.7]\">Unser Ansatz kombiniert die Expertise der strategischen Beratung mit der Erfahrung von \u00fcber 30 Jahren Gesch\u00e4ftsentwicklung in der Schweiz und im Ausland. Wir mobilisieren unser Netzwerk von Experten, Investoren und Entscheidungstr\u00e4gern, um Ihre Ziele zu erreichen &#8211; nicht theoretisch, sondern operativ und ergebnisorientiert. <\/p>\n<h3 class=\"p1\" style=\"text-align: left;\"><span class=\"s2\"><\/span><\/h3>\n<p>[\/et_pb_text][\/et_pb_column][\/et_pb_row][et_pb_row _builder_version=&#8220;4.25.2&#8243; _module_preset=&#8220;default&#8220; global_colors_info=&#8220;{}&#8220;][et_pb_column type=&#8220;4_4&#8243; _builder_version=&#8220;4.25.2&#8243; _module_preset=&#8220;default&#8220; global_colors_info=&#8220;{}&#8220;][et_pb_button button_url=&#8220;https:\/\/thinkgo.ch\/de\/kontakte\/&#8220; button_text=&#8220;Lassen Sie uns \u00fcber Ihr Projekt sprechen. Kontaktieren Sie uns.&#8220; button_alignment=&#8220;center&#8220; _builder_version=&#8220;4.27.4&#8243; _module_preset=&#8220;default&#8220; custom_button=&#8220;on&#8220; button_bg_color=&#8220;#d6490e&#8220; button_border_width=&#8220;0px&#8220; button_border_color=&#8220;RGBA(0,0,0,0)&#8220; button_border_radius=&#8220;7px&#8220; button_font=&#8220;|800|||||||&#8220; button_use_icon=&#8220;off&#8220; background_layout=&#8220;dark&#8220; global_colors_info=&#8220;{}&#8220;][\/et_pb_button][\/et_pb_column][\/et_pb_row][\/et_pb_section]<\/p>\n","protected":false},"excerpt":{"rendered":"<p>GESCH\u00c4FTSENTWICKLUNG &amp; WACHSTUMSSTRATEGIE IN DER SCHWEIZ &#8211; M&amp;A-BERATUNG UND STRATEGISCHE BEGLEITUNG Strategie, Leistung, Wachstum Nicht alle Unternehmen m\u00fcssen \u00fcbernehmen oder ver\u00e4u\u00dfern. Einige m\u00fcssen wachsen &#8211; schneller, weiter, st\u00e4rker. Eroberung eines neuen Marktes. Strukturierung einer internationalen Expansion. Neupositionierung eines nachlassenden Angebots. Identifizieren Sie Wachstumspfade, bevor die Ergebnisse erodieren. Dies sind die Herausforderungen, die thinkGo begleitet &#8211; [&hellip;]<\/p>\n","protected":false},"author":1,"featured_media":0,"parent":0,"menu_order":0,"comment_status":"closed","ping_status":"closed","template":"","meta":{"_et_pb_use_builder":"on","_et_pb_old_content":"","_et_gb_content_width":"","inline_featured_image":false,"footnotes":""},"class_list":["post-32401","page","type-page","status-publish","hentry"],"yoast_head":"<!-- This site is optimized with the Yoast SEO plugin v27.5 - https:\/\/yoast.com\/product\/yoast-seo-wordpress\/ -->\n<title>thinkGo | Strategie und Unternehmensentwicklung in der Schweiz<\/title>\n<meta name=\"description\" content=\"thinkGo unterst\u00fctzt F\u00fchrungskr\u00e4fte bei der Entwicklung, Strukturierung und dem nachhaltigen Wachstum ihrer Unternehmen in der Schweiz und auf internationaler Ebene.\" \/>\n<meta name=\"robots\" content=\"index, follow, max-snippet:-1, max-image-preview:large, max-video-preview:-1\" \/>\n<link rel=\"canonical\" href=\"https:\/\/thinkgo.ch\/de\/unternehmensentwicklung\/\" \/>\n<meta property=\"og:locale\" content=\"de_DE\" \/>\n<meta property=\"og:type\" content=\"article\" \/>\n<meta property=\"og:title\" content=\"thinkGo | Strategie und Unternehmensentwicklung in der Schweiz\" \/>\n<meta property=\"og:description\" content=\"thinkGo unterst\u00fctzt F\u00fchrungskr\u00e4fte bei der Entwicklung, Strukturierung und dem nachhaltigen Wachstum ihrer Unternehmen in der Schweiz und auf internationaler Ebene.\" \/>\n<meta property=\"og:url\" content=\"https:\/\/thinkgo.ch\/de\/unternehmensentwicklung\/\" \/>\n<meta property=\"og:site_name\" content=\"thinkGo\" \/>\n<meta property=\"article:publisher\" content=\"https:\/\/www.linkedin.com\/company\/35509996\/admin\/feed\/posts\/\" \/>\n<meta property=\"article:modified_time\" content=\"2026-03-10T11:12:49+00:00\" \/>\n<meta name=\"twitter:card\" content=\"summary_large_image\" \/>\n<meta name=\"twitter:label1\" content=\"Gesch\u00e4tzte Lesezeit\" \/>\n\t<meta name=\"twitter:data1\" content=\"2\u00a0Minuten\" \/>\n<script type=\"application\/ld+json\" class=\"yoast-schema-graph\">{\"@context\":\"https:\\\/\\\/schema.org\",\"@graph\":[{\"@type\":\"WebPage\",\"@id\":\"https:\\\/\\\/thinkgo.ch\\\/de\\\/unternehmensentwicklung\\\/\",\"url\":\"https:\\\/\\\/thinkgo.ch\\\/de\\\/unternehmensentwicklung\\\/\",\"name\":\"thinkGo | Strategie und Unternehmensentwicklung in der Schweiz\",\"isPartOf\":{\"@id\":\"https:\\\/\\\/thinkgo.ch\\\/de\\\/#website\"},\"datePublished\":\"2021-03-26T14:45:43+00:00\",\"dateModified\":\"2026-03-10T11:12:49+00:00\",\"description\":\"thinkGo unterst\u00fctzt F\u00fchrungskr\u00e4fte bei der Entwicklung, Strukturierung und dem nachhaltigen Wachstum ihrer Unternehmen in der Schweiz und auf internationaler Ebene.\",\"breadcrumb\":{\"@id\":\"https:\\\/\\\/thinkgo.ch\\\/de\\\/unternehmensentwicklung\\\/#breadcrumb\"},\"inLanguage\":\"de\",\"potentialAction\":[{\"@type\":\"ReadAction\",\"target\":[\"https:\\\/\\\/thinkgo.ch\\\/de\\\/unternehmensentwicklung\\\/\"]}]},{\"@type\":\"BreadcrumbList\",\"@id\":\"https:\\\/\\\/thinkgo.ch\\\/de\\\/unternehmensentwicklung\\\/#breadcrumb\",\"itemListElement\":[{\"@type\":\"ListItem\",\"position\":1,\"name\":\"Startseite\",\"item\":\"https:\\\/\\\/thinkgo.ch\\\/de\\\/thinkgo-homepage-de\\\/\"},{\"@type\":\"ListItem\",\"position\":2,\"name\":\"Wachstumsstrategie &amp; Gesch\u00e4ftsentwicklung M&amp;A in der Schweiz\"}]},{\"@type\":\"WebSite\",\"@id\":\"https:\\\/\\\/thinkgo.ch\\\/de\\\/#website\",\"url\":\"https:\\\/\\\/thinkgo.ch\\\/de\\\/\",\"name\":\"thinkGo\",\"description\":\"Ihr Partner f\u00fcr Gesch\u00e4ftsentwicklung und Verkauf\",\"publisher\":{\"@id\":\"https:\\\/\\\/thinkgo.ch\\\/de\\\/#organization\"},\"potentialAction\":[{\"@type\":\"SearchAction\",\"target\":{\"@type\":\"EntryPoint\",\"urlTemplate\":\"https:\\\/\\\/thinkgo.ch\\\/de\\\/?s={search_term_string}\"},\"query-input\":{\"@type\":\"PropertyValueSpecification\",\"valueRequired\":true,\"valueName\":\"search_term_string\"}}],\"inLanguage\":\"de\"},{\"@type\":\"Organization\",\"@id\":\"https:\\\/\\\/thinkgo.ch\\\/de\\\/#organization\",\"name\":\"thinkGo S\u00e0rl\",\"url\":\"https:\\\/\\\/thinkgo.ch\\\/de\\\/\",\"logo\":{\"@type\":\"ImageObject\",\"inLanguage\":\"de\",\"@id\":\"https:\\\/\\\/thinkgo.ch\\\/de\\\/#\\\/schema\\\/logo\\\/image\\\/\",\"url\":\"https:\\\/\\\/thinkgo.ch\\\/wp-content\\\/uploads\\\/2021\\\/02\\\/logo_ThinkGo_logo-thinkgo-framed.svg\",\"contentUrl\":\"https:\\\/\\\/thinkgo.ch\\\/wp-content\\\/uploads\\\/2021\\\/02\\\/logo_ThinkGo_logo-thinkgo-framed.svg\",\"width\":\"1024\",\"height\":\"1024\",\"caption\":\"thinkGo S\u00e0rl\"},\"image\":{\"@id\":\"https:\\\/\\\/thinkgo.ch\\\/de\\\/#\\\/schema\\\/logo\\\/image\\\/\"},\"sameAs\":[\"https:\\\/\\\/www.linkedin.com\\\/company\\\/35509996\\\/admin\\\/feed\\\/posts\\\/\"]}]}<\/script>\n<!-- \/ Yoast SEO plugin. -->","yoast_head_json":{"title":"thinkGo | Strategie und Unternehmensentwicklung in der Schweiz","description":"thinkGo unterst\u00fctzt F\u00fchrungskr\u00e4fte bei der Entwicklung, Strukturierung und dem nachhaltigen Wachstum ihrer Unternehmen in der Schweiz und auf internationaler Ebene.","robots":{"index":"index","follow":"follow","max-snippet":"max-snippet:-1","max-image-preview":"max-image-preview:large","max-video-preview":"max-video-preview:-1"},"canonical":"https:\/\/thinkgo.ch\/de\/unternehmensentwicklung\/","og_locale":"de_DE","og_type":"article","og_title":"thinkGo | Strategie und Unternehmensentwicklung in der Schweiz","og_description":"thinkGo unterst\u00fctzt F\u00fchrungskr\u00e4fte bei der Entwicklung, Strukturierung und dem nachhaltigen Wachstum ihrer Unternehmen in der Schweiz und auf internationaler Ebene.","og_url":"https:\/\/thinkgo.ch\/de\/unternehmensentwicklung\/","og_site_name":"thinkGo","article_publisher":"https:\/\/www.linkedin.com\/company\/35509996\/admin\/feed\/posts\/","article_modified_time":"2026-03-10T11:12:49+00:00","twitter_card":"summary_large_image","twitter_misc":{"Gesch\u00e4tzte Lesezeit":"2\u00a0Minuten"},"schema":{"@context":"https:\/\/schema.org","@graph":[{"@type":"WebPage","@id":"https:\/\/thinkgo.ch\/de\/unternehmensentwicklung\/","url":"https:\/\/thinkgo.ch\/de\/unternehmensentwicklung\/","name":"thinkGo | Strategie und Unternehmensentwicklung in der Schweiz","isPartOf":{"@id":"https:\/\/thinkgo.ch\/de\/#website"},"datePublished":"2021-03-26T14:45:43+00:00","dateModified":"2026-03-10T11:12:49+00:00","description":"thinkGo unterst\u00fctzt F\u00fchrungskr\u00e4fte bei der Entwicklung, Strukturierung und dem nachhaltigen Wachstum ihrer Unternehmen in der Schweiz und auf internationaler Ebene.","breadcrumb":{"@id":"https:\/\/thinkgo.ch\/de\/unternehmensentwicklung\/#breadcrumb"},"inLanguage":"de","potentialAction":[{"@type":"ReadAction","target":["https:\/\/thinkgo.ch\/de\/unternehmensentwicklung\/"]}]},{"@type":"BreadcrumbList","@id":"https:\/\/thinkgo.ch\/de\/unternehmensentwicklung\/#breadcrumb","itemListElement":[{"@type":"ListItem","position":1,"name":"Startseite","item":"https:\/\/thinkgo.ch\/de\/thinkgo-homepage-de\/"},{"@type":"ListItem","position":2,"name":"Wachstumsstrategie &amp; Gesch\u00e4ftsentwicklung M&amp;A in der Schweiz"}]},{"@type":"WebSite","@id":"https:\/\/thinkgo.ch\/de\/#website","url":"https:\/\/thinkgo.ch\/de\/","name":"thinkGo","description":"Ihr Partner f\u00fcr Gesch\u00e4ftsentwicklung und Verkauf","publisher":{"@id":"https:\/\/thinkgo.ch\/de\/#organization"},"potentialAction":[{"@type":"SearchAction","target":{"@type":"EntryPoint","urlTemplate":"https:\/\/thinkgo.ch\/de\/?s={search_term_string}"},"query-input":{"@type":"PropertyValueSpecification","valueRequired":true,"valueName":"search_term_string"}}],"inLanguage":"de"},{"@type":"Organization","@id":"https:\/\/thinkgo.ch\/de\/#organization","name":"thinkGo S\u00e0rl","url":"https:\/\/thinkgo.ch\/de\/","logo":{"@type":"ImageObject","inLanguage":"de","@id":"https:\/\/thinkgo.ch\/de\/#\/schema\/logo\/image\/","url":"https:\/\/thinkgo.ch\/wp-content\/uploads\/2021\/02\/logo_ThinkGo_logo-thinkgo-framed.svg","contentUrl":"https:\/\/thinkgo.ch\/wp-content\/uploads\/2021\/02\/logo_ThinkGo_logo-thinkgo-framed.svg","width":"1024","height":"1024","caption":"thinkGo S\u00e0rl"},"image":{"@id":"https:\/\/thinkgo.ch\/de\/#\/schema\/logo\/image\/"},"sameAs":["https:\/\/www.linkedin.com\/company\/35509996\/admin\/feed\/posts\/"]}]}},"_links":{"self":[{"href":"https:\/\/thinkgo.ch\/de\/wp-json\/wp\/v2\/pages\/32401","targetHints":{"allow":["GET"]}}],"collection":[{"href":"https:\/\/thinkgo.ch\/de\/wp-json\/wp\/v2\/pages"}],"about":[{"href":"https:\/\/thinkgo.ch\/de\/wp-json\/wp\/v2\/types\/page"}],"author":[{"embeddable":true,"href":"https:\/\/thinkgo.ch\/de\/wp-json\/wp\/v2\/users\/1"}],"replies":[{"embeddable":true,"href":"https:\/\/thinkgo.ch\/de\/wp-json\/wp\/v2\/comments?post=32401"}],"version-history":[{"count":0,"href":"https:\/\/thinkgo.ch\/de\/wp-json\/wp\/v2\/pages\/32401\/revisions"}],"wp:attachment":[{"href":"https:\/\/thinkgo.ch\/de\/wp-json\/wp\/v2\/media?parent=32401"}],"curies":[{"name":"wp","href":"https:\/\/api.w.org\/{rel}","templated":true}]}}